{"id":598,"date":"2019-12-21T12:20:16","date_gmt":"2019-12-21T11:20:16","guid":{"rendered":"http:\/\/www.sermaisepatrimoine.fr\/?page_id=598"},"modified":"2022-11-16T14:01:25","modified_gmt":"2022-11-16T13:01:25","slug":"nos-paysages-et-espaces-ruraux","status":"publish","type":"page","link":"http:\/\/www.sermaisepatrimoine.fr\/index.php\/nos-paysages-et-espaces-ruraux\/","title":{"rendered":"Nos paysages et espaces ruraux"},"content":{"rendered":"<p>Notre plus belle chance est d\u2019habiter un petit village en pleine nature \u00e0 environ 40 kilom\u00e8tres de Paris. Cet environnement, qui garde les blessures du pass\u00e9 doit-\u00eatre pr\u00e9serv\u00e9 \u00e0 tout prix en particulier d\u2019une urbanisation avec une densification \u00e0 marche forc\u00e9e mais qui doit \u00eatre aussi mis en valeur par des actions strat\u00e9giques et consensuelles cibl\u00e9es.<\/p>\n<p><img decoding=\"async\" loading=\"lazy\" class=\"alignnone size-medium wp-image-707\" src=\"http:\/\/www.sermaisepatrimoine.fr\/wp-content\/uploads\/2019\/12\/2008.DSC_0234-300x201.jpg\" alt=\"\" width=\"300\" height=\"201\" srcset=\"http:\/\/www.sermaisepatrimoine.fr\/wp-content\/uploads\/2019\/12\/2008.DSC_0234-300x201.jpg 300w, http:\/\/www.sermaisepatrimoine.fr\/wp-content\/uploads\/2019\/12\/2008.DSC_0234-768x514.jpg 768w, http:\/\/www.sermaisepatrimoine.fr\/wp-content\/uploads\/2019\/12\/2008.DSC_0234-1024x685.jpg 1024w\" sizes=\"(max-width: 300px) 100vw, 300px\" \/>&nbsp;&nbsp;<img decoding=\"async\" loading=\"lazy\" class=\"alignnone size-medium wp-image-708\" src=\"http:\/\/www.sermaisepatrimoine.fr\/wp-content\/uploads\/2019\/12\/2008.DSC_0267-300x201.jpg\" alt=\"\" width=\"300\" height=\"201\" srcset=\"http:\/\/www.sermaisepatrimoine.fr\/wp-content\/uploads\/2019\/12\/2008.DSC_0267-300x201.jpg 300w, http:\/\/www.sermaisepatrimoine.fr\/wp-content\/uploads\/2019\/12\/2008.DSC_0267-768x514.jpg 768w, http:\/\/www.sermaisepatrimoine.fr\/wp-content\/uploads\/2019\/12\/2008.DSC_0267-1024x685.jpg 1024w\" sizes=\"(max-width: 300px) 100vw, 300px\" \/><\/p>\n<p><img decoding=\"async\" loading=\"lazy\" class=\"alignnone size-medium wp-image-709\" src=\"http:\/\/www.sermaisepatrimoine.fr\/wp-content\/uploads\/2019\/12\/2016.DSC_0290-300x201.jpg\" alt=\"\" width=\"300\" height=\"201\" srcset=\"http:\/\/www.sermaisepatrimoine.fr\/wp-content\/uploads\/2019\/12\/2016.DSC_0290-300x201.jpg 300w, http:\/\/www.sermaisepatrimoine.fr\/wp-content\/uploads\/2019\/12\/2016.DSC_0290-768x514.jpg 768w, http:\/\/www.sermaisepatrimoine.fr\/wp-content\/uploads\/2019\/12\/2016.DSC_0290-1024x685.jpg 1024w\" sizes=\"(max-width: 300px) 100vw, 300px\" \/>&nbsp;&nbsp;<img decoding=\"async\" loading=\"lazy\" class=\"alignnone size-medium wp-image-700\" src=\"http:\/\/www.sermaisepatrimoine.fr\/wp-content\/uploads\/2019\/12\/2008.DSC_0247-300x201.jpg\" alt=\"\" width=\"300\" height=\"201\" srcset=\"http:\/\/www.sermaisepatrimoine.fr\/wp-content\/uploads\/2019\/12\/2008.DSC_0247-300x201.jpg 300w, http:\/\/www.sermaisepatrimoine.fr\/wp-content\/uploads\/2019\/12\/2008.DSC_0247-768x514.jpg 768w, http:\/\/www.sermaisepatrimoine.fr\/wp-content\/uploads\/2019\/12\/2008.DSC_0247-1024x685.jpg 1024w\" sizes=\"(max-width: 300px) 100vw, 300px\" \/><\/p>\n<p>&nbsp;<\/p>\n<p>Nous b\u00e9n\u00e9ficions en vall\u00e9e, de bois prot\u00e9g\u00e9s par le sch\u00e9ma directeur de la R\u00e9gion Ile de France, de zones humides en bordure de l\u2019Orge et sur les plateaux, de zones agricoles parsem\u00e9es de hameaux ruraux avec de belles fermes mais aussi avec nos mares qui ponctuent notre territoire et qui constituent une caract\u00e9ristique tr\u00e8s sp\u00e9cifique \u00e0 la commune de Sermaise. Ces mares servaient d\u2019abreuvoir pour les animaux, mais aussi de r\u00e9serve d\u2019eau en cas d\u2019incendie et l\u2019une d\u2019entre elle \u00e9tait bord\u00e9e d\u2019un lavoir. A la fin du XIXe si\u00e8cle, on en recensait pr\u00e8s d\u2019une trentaine. Aujourd\u2019hui, elles sont encore pour la plupart en place et pour certaines r\u00e9habilit\u00e9es par la commune. Toutes accueillent sur leurs rives une v\u00e9g\u00e9tation sp\u00e9cifique.<\/p>\n<p><img decoding=\"async\" loading=\"lazy\" class=\"alignnone size-medium wp-image-710\" src=\"http:\/\/www.sermaisepatrimoine.fr\/wp-content\/uploads\/2019\/12\/2008.DSC_0230-300x201.jpg\" alt=\"\" width=\"300\" height=\"201\" srcset=\"http:\/\/www.sermaisepatrimoine.fr\/wp-content\/uploads\/2019\/12\/2008.DSC_0230-300x201.jpg 300w, http:\/\/www.sermaisepatrimoine.fr\/wp-content\/uploads\/2019\/12\/2008.DSC_0230-768x514.jpg 768w, http:\/\/www.sermaisepatrimoine.fr\/wp-content\/uploads\/2019\/12\/2008.DSC_0230-1024x685.jpg 1024w\" sizes=\"(max-width: 300px) 100vw, 300px\" \/>&nbsp;&nbsp;<img decoding=\"async\" loading=\"lazy\" class=\"alignnone size-medium wp-image-711\" src=\"http:\/\/www.sermaisepatrimoine.fr\/wp-content\/uploads\/2019\/12\/2008.DSC_0236-1-300x201.jpg\" alt=\"\" width=\"300\" height=\"201\" srcset=\"http:\/\/www.sermaisepatrimoine.fr\/wp-content\/uploads\/2019\/12\/2008.DSC_0236-1-300x201.jpg 300w, http:\/\/www.sermaisepatrimoine.fr\/wp-content\/uploads\/2019\/12\/2008.DSC_0236-1-768x514.jpg 768w, http:\/\/www.sermaisepatrimoine.fr\/wp-content\/uploads\/2019\/12\/2008.DSC_0236-1-1024x685.jpg 1024w\" sizes=\"(max-width: 300px) 100vw, 300px\" \/><\/p>\n<p><img decoding=\"async\" loading=\"lazy\" class=\"alignnone size-medium wp-image-712\" src=\"http:\/\/www.sermaisepatrimoine.fr\/wp-content\/uploads\/2019\/12\/2008.DSC_0244-300x201.jpg\" alt=\"\" width=\"300\" height=\"201\" srcset=\"http:\/\/www.sermaisepatrimoine.fr\/wp-content\/uploads\/2019\/12\/2008.DSC_0244-300x201.jpg 300w, http:\/\/www.sermaisepatrimoine.fr\/wp-content\/uploads\/2019\/12\/2008.DSC_0244-768x514.jpg 768w, http:\/\/www.sermaisepatrimoine.fr\/wp-content\/uploads\/2019\/12\/2008.DSC_0244-1024x685.jpg 1024w\" sizes=\"(max-width: 300px) 100vw, 300px\" \/>&nbsp;&nbsp;<img decoding=\"async\" loading=\"lazy\" class=\"alignnone size-medium wp-image-713\" src=\"http:\/\/www.sermaisepatrimoine.fr\/wp-content\/uploads\/2019\/12\/2017.DSC_6690-300x200.jpg\" alt=\"\" width=\"300\" height=\"200\" srcset=\"http:\/\/www.sermaisepatrimoine.fr\/wp-content\/uploads\/2019\/12\/2017.DSC_6690-300x200.jpg 300w, http:\/\/www.sermaisepatrimoine.fr\/wp-content\/uploads\/2019\/12\/2017.DSC_6690-768x513.jpg 768w, http:\/\/www.sermaisepatrimoine.fr\/wp-content\/uploads\/2019\/12\/2017.DSC_6690-1024x684.jpg 1024w\" sizes=\"(max-width: 300px) 100vw, 300px\" \/><\/p>\n<p>La municipalit\u00e9 a fait r\u00e9aliser en 2014 un diagnostic \u00e9cologique sur son territoire par la soci\u00e9t\u00e9 ALISEA qui met en \u00e9vidence&nbsp;:<\/p>\n<p><img decoding=\"async\" loading=\"lazy\" class=\"alignnone wp-image-717\" src=\"http:\/\/www.sermaisepatrimoine.fr\/wp-content\/uploads\/2019\/12\/4.pulmonaire-a-longues-feuilles-1-300x300.jpg\" alt=\"\" width=\"235\" height=\"235\" srcset=\"http:\/\/www.sermaisepatrimoine.fr\/wp-content\/uploads\/2019\/12\/4.pulmonaire-a-longues-feuilles-1-300x300.jpg 300w, http:\/\/www.sermaisepatrimoine.fr\/wp-content\/uploads\/2019\/12\/4.pulmonaire-a-longues-feuilles-1-150x150.jpg 150w, http:\/\/www.sermaisepatrimoine.fr\/wp-content\/uploads\/2019\/12\/4.pulmonaire-a-longues-feuilles-1-768x768.jpg 768w, http:\/\/www.sermaisepatrimoine.fr\/wp-content\/uploads\/2019\/12\/4.pulmonaire-a-longues-feuilles-1-1024x1024.jpg 1024w, http:\/\/www.sermaisepatrimoine.fr\/wp-content\/uploads\/2019\/12\/4.pulmonaire-a-longues-feuilles-1-230x230.jpg 230w, http:\/\/www.sermaisepatrimoine.fr\/wp-content\/uploads\/2019\/12\/4.pulmonaire-a-longues-feuilles-1-80x80.jpg 80w, http:\/\/www.sermaisepatrimoine.fr\/wp-content\/uploads\/2019\/12\/4.pulmonaire-a-longues-feuilles-1.jpg 1200w\" sizes=\"(max-width: 235px) 100vw, 235px\" \/>&nbsp; <img decoding=\"async\" loading=\"lazy\" class=\"alignnone wp-image-718\" src=\"http:\/\/www.sermaisepatrimoine.fr\/wp-content\/uploads\/2019\/12\/5.800px-Silene_nutans_220505-225x300.jpg\" alt=\"\" width=\"177\" height=\"235\" srcset=\"http:\/\/www.sermaisepatrimoine.fr\/wp-content\/uploads\/2019\/12\/5.800px-Silene_nutans_220505-225x300.jpg 225w, http:\/\/www.sermaisepatrimoine.fr\/wp-content\/uploads\/2019\/12\/5.800px-Silene_nutans_220505-768x1024.jpg 768w, http:\/\/www.sermaisepatrimoine.fr\/wp-content\/uploads\/2019\/12\/5.800px-Silene_nutans_220505.jpg 800w\" sizes=\"(max-width: 177px) 100vw, 177px\" \/>&nbsp;&nbsp;<img decoding=\"async\" loading=\"lazy\" class=\"alignnone wp-image-719\" src=\"http:\/\/www.sermaisepatrimoine.fr\/wp-content\/uploads\/2019\/12\/7.800px-Sedum_rupestre3-225x300.jpg\" alt=\"\" width=\"178\" height=\"238\" srcset=\"http:\/\/www.sermaisepatrimoine.fr\/wp-content\/uploads\/2019\/12\/7.800px-Sedum_rupestre3-225x300.jpg 225w, http:\/\/www.sermaisepatrimoine.fr\/wp-content\/uploads\/2019\/12\/7.800px-Sedum_rupestre3-768x1024.jpg 768w, http:\/\/www.sermaisepatrimoine.fr\/wp-content\/uploads\/2019\/12\/7.800px-Sedum_rupestre3.jpg 800w\" sizes=\"(max-width: 178px) 100vw, 178px\" \/><\/p>\n<p><img decoding=\"async\" loading=\"lazy\" class=\"alignnone wp-image-716\" src=\"http:\/\/www.sermaisepatrimoine.fr\/wp-content\/uploads\/2019\/12\/2-300x225.jpg\" alt=\"\" width=\"297\" height=\"223\" srcset=\"http:\/\/www.sermaisepatrimoine.fr\/wp-content\/uploads\/2019\/12\/2-300x225.jpg 300w, http:\/\/www.sermaisepatrimoine.fr\/wp-content\/uploads\/2019\/12\/2-768x576.jpg 768w, http:\/\/www.sermaisepatrimoine.fr\/wp-content\/uploads\/2019\/12\/2-1024x768.jpg 1024w, http:\/\/www.sermaisepatrimoine.fr\/wp-content\/uploads\/2019\/12\/2.jpg 1600w\" sizes=\"(max-width: 297px) 100vw, 297px\" \/>&nbsp;&nbsp;<img decoding=\"async\" loading=\"lazy\" class=\"alignnone wp-image-720\" src=\"http:\/\/www.sermaisepatrimoine.fr\/wp-content\/uploads\/2019\/12\/10.1280px-Dianthus_armeria_foret-reine_54_050702_1-300x225.jpg\" alt=\"\" width=\"298\" height=\"223\" srcset=\"http:\/\/www.sermaisepatrimoine.fr\/wp-content\/uploads\/2019\/12\/10.1280px-Dianthus_armeria_foret-reine_54_050702_1-300x225.jpg 300w, http:\/\/www.sermaisepatrimoine.fr\/wp-content\/uploads\/2019\/12\/10.1280px-Dianthus_armeria_foret-reine_54_050702_1-768x576.jpg 768w, http:\/\/www.sermaisepatrimoine.fr\/wp-content\/uploads\/2019\/12\/10.1280px-Dianthus_armeria_foret-reine_54_050702_1-1024x768.jpg 1024w, http:\/\/www.sermaisepatrimoine.fr\/wp-content\/uploads\/2019\/12\/10.1280px-Dianthus_armeria_foret-reine_54_050702_1.jpg 1280w\" sizes=\"(max-width: 298px) 100vw, 298px\" \/><\/p>\n<p><img decoding=\"async\" loading=\"lazy\" class=\"alignnone wp-image-722\" src=\"http:\/\/www.sermaisepatrimoine.fr\/wp-content\/uploads\/2019\/12\/15.Ophrys_aranifera-199x300.jpg\" alt=\"\" width=\"172\" height=\"259\" srcset=\"http:\/\/www.sermaisepatrimoine.fr\/wp-content\/uploads\/2019\/12\/15.Ophrys_aranifera-199x300.jpg 199w, http:\/\/www.sermaisepatrimoine.fr\/wp-content\/uploads\/2019\/12\/15.Ophrys_aranifera-768x1157.jpg 768w, http:\/\/www.sermaisepatrimoine.fr\/wp-content\/uploads\/2019\/12\/15.Ophrys_aranifera-680x1024.jpg 680w, http:\/\/www.sermaisepatrimoine.fr\/wp-content\/uploads\/2019\/12\/15.Ophrys_aranifera.jpg 800w\" sizes=\"(max-width: 172px) 100vw, 172px\" \/>&nbsp; <img decoding=\"async\" loading=\"lazy\" class=\"alignnone wp-image-721\" src=\"http:\/\/www.sermaisepatrimoine.fr\/wp-content\/uploads\/2019\/12\/13.Misopates_orontium2-252x300.jpg\" alt=\"\" width=\"217\" height=\"258\" srcset=\"http:\/\/www.sermaisepatrimoine.fr\/wp-content\/uploads\/2019\/12\/13.Misopates_orontium2-252x300.jpg 252w, http:\/\/www.sermaisepatrimoine.fr\/wp-content\/uploads\/2019\/12\/13.Misopates_orontium2.jpg 687w\" sizes=\"(max-width: 217px) 100vw, 217px\" \/>&nbsp; &nbsp;<img decoding=\"async\" loading=\"lazy\" class=\"alignnone wp-image-723\" src=\"http:\/\/www.sermaisepatrimoine.fr\/wp-content\/uploads\/2019\/12\/17.Ophrys_insectifera_-_K\u00e4rbes\u00f5is_Niitv\u00e4lja_1-225x300.jpg\" alt=\"\" width=\"192\" height=\"256\" srcset=\"http:\/\/www.sermaisepatrimoine.fr\/wp-content\/uploads\/2019\/12\/17.Ophrys_insectifera_-_K\u00e4rbes\u00f5is_Niitv\u00e4lja_1-225x300.jpg 225w, http:\/\/www.sermaisepatrimoine.fr\/wp-content\/uploads\/2019\/12\/17.Ophrys_insectifera_-_K\u00e4rbes\u00f5is_Niitv\u00e4lja_1-768x1024.jpg 768w, http:\/\/www.sermaisepatrimoine.fr\/wp-content\/uploads\/2019\/12\/17.Ophrys_insectifera_-_K\u00e4rbes\u00f5is_Niitv\u00e4lja_1.jpg 800w\" sizes=\"(max-width: 192px) 100vw, 192px\" \/><\/p>\n<p>Un patrimoine d\u2019habitats herbac\u00e9s et floristique riche et diversifi\u00e9, mais en situation pr\u00e9caire (12 habitats remarquables identifi\u00e9s et 74 esp\u00e8ces remarquables dont 8 inscrites sur la liste rouge r\u00e9gionale).<\/p>\n<ul>\n<li>Une prairie humide d\u00e9grad\u00e9e par la d\u00e9prise et en situation pr\u00e9caire. C\u2019est l\u2019ultime zone refuge pour les riches cort\u00e8ges de prairie humide et une reconqu\u00eate du lit majeur par cet habitat serait souhaitable.<\/li>\n<li>L\u2019enjeu majeur que constitue les habitats herbac\u00e9s qui doivent-\u00eatre prioritairement prot\u00e9g\u00e9s.<\/li>\n<li>La n\u00e9cessit\u00e9 prioritaire de lutter contre des esp\u00e8ces v\u00e9g\u00e9tales exotiques envahissantes (Robinier faux-acacia et Renou\u00e9e du Japon) mena\u00e7ant directement des habitats ou esp\u00e8ces remarquables.<\/li>\n<li>Une faune caract\u00e9ristique des communes campagnardes compos\u00e9es de boisements et de zones agricoles : Chevreuil europ\u00e9en, Sanglier, Renard roux et deux esp\u00e8ces prot\u00e9g\u00e9es le H\u00e9risson d\u2019Europe et l\u2019Ecureuil roux. La pr\u00e9sence du Blaireau europ\u00e9en conf\u00e8re \u00e0 la commune un enjeu suppl\u00e9mentaire de conservation.<\/li>\n<li>La pr\u00e9sence du Ragondin qui repr\u00e9sente une menace pour les berges de l\u2019Orge.<\/li>\n<li>8 esp\u00e8ces de Chauve-souris en activit\u00e9 sur le territoire communal qui poss\u00e8de plusieurs grottes prot\u00e9g\u00e9es et ferm\u00e9es au public.<\/li>\n<li>63 esp\u00e8ces d\u2019oiseaux ont \u00e9t\u00e9 recens\u00e9es dont 20 peuvent \u00eatre consid\u00e9r\u00e9es comme des esp\u00e8ces remarquables (le Bouvreuil pivoine, plusieurs esp\u00e8ces de Bruant, le Busard Saint-Martin, la Buse variable, la Chouette effraie, le Courlis cendr\u00e9, la Fauvette grisette, le Hibou des marais, la linotte m\u00e9lodieuse, le Loriot d\u2019Europe, le Pic \u00e9peichette, le Pic noir, le Pigeon colombin, le Pouillot fitis, le Rougequeue \u00e0 front blanc, le Tarier p\u00e2tre, la Tourterelle des bois, la Bondr\u00e9e apivore).<\/li>\n<li>Pour les Amphibiens, une diversit\u00e9 d\u2019esp\u00e8ces assez importante et d\u2019autre part plusieurs esp\u00e8ces remarquables comme le Triton cr\u00eat\u00e9. De plus, le territoire est travers\u00e9 par un axe de migration des Crapauds communs, qui quittent leur phase foresti\u00e8re \u00e0 la fin de l\u2019hiver \/ d\u00e9but du printemps pour rejoindre les zones humides le long de l\u2019Orge, afin de se reproduire. Durant ce voyage, de nombreux individus sont \u00e9cras\u00e9s par les v\u00e9hicules.<\/li>\n<\/ul>\n<p><img decoding=\"async\" loading=\"lazy\" class=\"alignnone wp-image-729\" src=\"http:\/\/www.sermaisepatrimoine.fr\/wp-content\/uploads\/2019\/12\/1.murinamoustaches_grotte_dutilleul_s._cmnf_bdef-300x200.jpg\" alt=\"\" width=\"218\" height=\"145\" srcset=\"http:\/\/www.sermaisepatrimoine.fr\/wp-content\/uploads\/2019\/12\/1.murinamoustaches_grotte_dutilleul_s._cmnf_bdef-300x200.jpg 300w, http:\/\/www.sermaisepatrimoine.fr\/wp-content\/uploads\/2019\/12\/1.murinamoustaches_grotte_dutilleul_s._cmnf_bdef-768x512.jpg 768w, http:\/\/www.sermaisepatrimoine.fr\/wp-content\/uploads\/2019\/12\/1.murinamoustaches_grotte_dutilleul_s._cmnf_bdef.jpg 780w\" sizes=\"(max-width: 218px) 100vw, 218px\" \/> <img decoding=\"async\" loading=\"lazy\" class=\"alignnone wp-image-730\" src=\"http:\/\/www.sermaisepatrimoine.fr\/wp-content\/uploads\/2019\/12\/5.ecureuil-152422-300x264.jpg\" alt=\"\" width=\"165\" height=\"145\" srcset=\"http:\/\/www.sermaisepatrimoine.fr\/wp-content\/uploads\/2019\/12\/5.ecureuil-152422-300x264.jpg 300w, http:\/\/www.sermaisepatrimoine.fr\/wp-content\/uploads\/2019\/12\/5.ecureuil-152422.jpg 650w\" sizes=\"(max-width: 165px) 100vw, 165px\" \/> <img decoding=\"async\" loading=\"lazy\" class=\"alignnone wp-image-731\" src=\"http:\/\/www.sermaisepatrimoine.fr\/wp-content\/uploads\/2019\/12\/7.chevreuil-800x480-300x180.jpg\" alt=\"\" width=\"244\" height=\"146\" srcset=\"http:\/\/www.sermaisepatrimoine.fr\/wp-content\/uploads\/2019\/12\/7.chevreuil-800x480-300x180.jpg 300w, http:\/\/www.sermaisepatrimoine.fr\/wp-content\/uploads\/2019\/12\/7.chevreuil-800x480-768x461.jpg 768w, http:\/\/www.sermaisepatrimoine.fr\/wp-content\/uploads\/2019\/12\/7.chevreuil-800x480.jpg 800w\" sizes=\"(max-width: 244px) 100vw, 244px\" \/><\/p>\n<p><img decoding=\"async\" loading=\"lazy\" class=\"alignnone wp-image-732\" src=\"http:\/\/www.sermaisepatrimoine.fr\/wp-content\/uploads\/2019\/12\/8.herisson_alexas_fotos_650-300x162.jpg\" alt=\"\" width=\"249\" height=\"135\" srcset=\"http:\/\/www.sermaisepatrimoine.fr\/wp-content\/uploads\/2019\/12\/8.herisson_alexas_fotos_650-300x162.jpg 300w, http:\/\/www.sermaisepatrimoine.fr\/wp-content\/uploads\/2019\/12\/8.herisson_alexas_fotos_650.jpg 650w\" sizes=\"(max-width: 249px) 100vw, 249px\" \/> <img decoding=\"async\" loading=\"lazy\" class=\"alignnone wp-image-733\" src=\"http:\/\/www.sermaisepatrimoine.fr\/wp-content\/uploads\/2019\/12\/10.1133789-close-up-raccoon-on-field-300x203.jpg\" alt=\"\" width=\"198\" height=\"134\" srcset=\"http:\/\/www.sermaisepatrimoine.fr\/wp-content\/uploads\/2019\/12\/10.1133789-close-up-raccoon-on-field-300x203.jpg 300w, http:\/\/www.sermaisepatrimoine.fr\/wp-content\/uploads\/2019\/12\/10.1133789-close-up-raccoon-on-field-768x518.jpg 768w, http:\/\/www.sermaisepatrimoine.fr\/wp-content\/uploads\/2019\/12\/10.1133789-close-up-raccoon-on-field.jpg 960w\" sizes=\"(max-width: 198px) 100vw, 198px\" \/>&nbsp;<img decoding=\"async\" loading=\"lazy\" class=\"alignnone wp-image-734\" src=\"http:\/\/www.sermaisepatrimoine.fr\/wp-content\/uploads\/2019\/12\/12.22222-300x225.jpg\" alt=\"\" width=\"178\" height=\"134\" srcset=\"http:\/\/www.sermaisepatrimoine.fr\/wp-content\/uploads\/2019\/12\/12.22222-300x225.jpg 300w, http:\/\/www.sermaisepatrimoine.fr\/wp-content\/uploads\/2019\/12\/12.22222-768x576.jpg 768w, http:\/\/www.sermaisepatrimoine.fr\/wp-content\/uploads\/2019\/12\/12.22222-1024x768.jpg 1024w, http:\/\/www.sermaisepatrimoine.fr\/wp-content\/uploads\/2019\/12\/12.22222.jpg 1067w\" sizes=\"(max-width: 178px) 100vw, 178px\" \/><\/p>\n<p><img decoding=\"async\" loading=\"lazy\" class=\"alignnone wp-image-736\" src=\"http:\/\/www.sermaisepatrimoine.fr\/wp-content\/uploads\/2019\/12\/30.pic-epeiche-en-volhdcc-stenger-300x200.jpg\" alt=\"\" width=\"268\" height=\"178\" srcset=\"http:\/\/www.sermaisepatrimoine.fr\/wp-content\/uploads\/2019\/12\/30.pic-epeiche-en-volhdcc-stenger-300x200.jpg 300w, http:\/\/www.sermaisepatrimoine.fr\/wp-content\/uploads\/2019\/12\/30.pic-epeiche-en-volhdcc-stenger-768x512.jpg 768w, http:\/\/www.sermaisepatrimoine.fr\/wp-content\/uploads\/2019\/12\/30.pic-epeiche-en-volhdcc-stenger-1024x682.jpg 1024w, http:\/\/www.sermaisepatrimoine.fr\/wp-content\/uploads\/2019\/12\/30.pic-epeiche-en-volhdcc-stenger.jpg 1180w\" sizes=\"(max-width: 268px) 100vw, 268px\" \/>&nbsp;<img decoding=\"async\" loading=\"lazy\" class=\"alignnone wp-image-739\" src=\"http:\/\/www.sermaisepatrimoine.fr\/wp-content\/uploads\/2019\/12\/23.hibou-marais-villafafila-2-300x300.jpg\" alt=\"\" width=\"179\" height=\"179\" srcset=\"http:\/\/www.sermaisepatrimoine.fr\/wp-content\/uploads\/2019\/12\/23.hibou-marais-villafafila-2-300x300.jpg 300w, http:\/\/www.sermaisepatrimoine.fr\/wp-content\/uploads\/2019\/12\/23.hibou-marais-villafafila-2-150x150.jpg 150w, http:\/\/www.sermaisepatrimoine.fr\/wp-content\/uploads\/2019\/12\/23.hibou-marais-villafafila-2-768x768.jpg 768w, http:\/\/www.sermaisepatrimoine.fr\/wp-content\/uploads\/2019\/12\/23.hibou-marais-villafafila-2-230x230.jpg 230w, http:\/\/www.sermaisepatrimoine.fr\/wp-content\/uploads\/2019\/12\/23.hibou-marais-villafafila-2-80x80.jpg 80w, http:\/\/www.sermaisepatrimoine.fr\/wp-content\/uploads\/2019\/12\/23.hibou-marais-villafafila-2.jpg 1024w\" sizes=\"(max-width: 179px) 100vw, 179px\" \/>&nbsp;<img decoding=\"async\" loading=\"lazy\" class=\"alignnone wp-image-738\" src=\"http:\/\/www.sermaisepatrimoine.fr\/wp-content\/uploads\/2019\/12\/44.Biosphoto-S.Vitzthum-crapaud.png\" alt=\"\" width=\"180\" height=\"180\" srcset=\"http:\/\/www.sermaisepatrimoine.fr\/wp-content\/uploads\/2019\/12\/44.Biosphoto-S.Vitzthum-crapaud.png 300w, http:\/\/www.sermaisepatrimoine.fr\/wp-content\/uploads\/2019\/12\/44.Biosphoto-S.Vitzthum-crapaud-150x150.png 150w, http:\/\/www.sermaisepatrimoine.fr\/wp-content\/uploads\/2019\/12\/44.Biosphoto-S.Vitzthum-crapaud-230x230.png 230w, http:\/\/www.sermaisepatrimoine.fr\/wp-content\/uploads\/2019\/12\/44.Biosphoto-S.Vitzthum-crapaud-80x80.png 80w\" sizes=\"(max-width: 180px) 100vw, 180px\" \/><\/p>\n<p>Notre environnement naturel est notre plus grande Richesse, il constitue notre plus beau patrimoine, \u00e0 nous tous de le pr\u00e9server.<\/p>\n<p><img decoding=\"async\" loading=\"lazy\" class=\"alignnone size-medium wp-image-745\" src=\"http:\/\/www.sermaisepatrimoine.fr\/wp-content\/uploads\/2019\/12\/2018.DSC_2077-200x300.jpg\" alt=\"\" width=\"200\" height=\"300\" srcset=\"http:\/\/www.sermaisepatrimoine.fr\/wp-content\/uploads\/2019\/12\/2018.DSC_2077-200x300.jpg 200w, http:\/\/www.sermaisepatrimoine.fr\/wp-content\/uploads\/2019\/12\/2018.DSC_2077-768x1152.jpg 768w, http:\/\/www.sermaisepatrimoine.fr\/wp-content\/uploads\/2019\/12\/2018.DSC_2077-683x1024.jpg 683w\" sizes=\"(max-width: 200px) 100vw, 200px\" \/>&nbsp; &nbsp; &nbsp; &nbsp; &nbsp; &nbsp; &nbsp; &nbsp; &nbsp; &nbsp; &nbsp; &nbsp; &nbsp; &nbsp;<img decoding=\"async\" loading=\"lazy\" class=\"alignnone size-medium wp-image-744\" src=\"http:\/\/www.sermaisepatrimoine.fr\/wp-content\/uploads\/2019\/12\/2018.DSC_2082-300x200.jpg\" alt=\"\" width=\"300\" height=\"200\" srcset=\"http:\/\/www.sermaisepatrimoine.fr\/wp-content\/uploads\/2019\/12\/2018.DSC_2082-300x200.jpg 300w, http:\/\/www.sermaisepatrimoine.fr\/wp-content\/uploads\/2019\/12\/2018.DSC_2082-768x513.jpg 768w, http:\/\/www.sermaisepatrimoine.fr\/wp-content\/uploads\/2019\/12\/2018.DSC_2082-1024x684.jpg 1024w\" sizes=\"(max-width: 300px) 100vw, 300px\" \/><\/p>\n<p><img decoding=\"async\" loading=\"lazy\" class=\"alignnone wp-image-742\" src=\"http:\/\/www.sermaisepatrimoine.fr\/wp-content\/uploads\/2019\/12\/2009.DSC_0368-300x201.jpg\" alt=\"\" width=\"298\" height=\"200\" srcset=\"http:\/\/www.sermaisepatrimoine.fr\/wp-content\/uploads\/2019\/12\/2009.DSC_0368-300x201.jpg 300w, http:\/\/www.sermaisepatrimoine.fr\/wp-content\/uploads\/2019\/12\/2009.DSC_0368-768x514.jpg 768w, http:\/\/www.sermaisepatrimoine.fr\/wp-content\/uploads\/2019\/12\/2009.DSC_0368-1024x685.jpg 1024w\" sizes=\"(max-width: 298px) 100vw, 298px\" \/>&nbsp;<img decoding=\"async\" loading=\"lazy\" class=\"alignnone size-medium wp-image-746\" src=\"http:\/\/www.sermaisepatrimoine.fr\/wp-content\/uploads\/2019\/12\/2009.DSC_0364-300x200.jpg\" alt=\"\" width=\"300\" height=\"200\" srcset=\"http:\/\/www.sermaisepatrimoine.fr\/wp-content\/uploads\/2019\/12\/2009.DSC_0364-300x200.jpg 300w, http:\/\/www.sermaisepatrimoine.fr\/wp-content\/uploads\/2019\/12\/2009.DSC_0364-768x512.jpg 768w, http:\/\/www.sermaisepatrimoine.fr\/wp-content\/uploads\/2019\/12\/2009.DSC_0364-1024x683.jpg 1024w\" sizes=\"(max-width: 300px) 100vw, 300px\" \/><\/p>\n","protected":false},"excerpt":{"rendered":"<p>Notre plus belle chance est d\u2019habiter un petit village en pleine nature \u00e0 environ 40 kilom\u00e8tres de Paris. Cet environnement, qui garde les blessures du pass\u00e9 doit-\u00eatre pr\u00e9serv\u00e9 \u00e0 tout prix en particulier d\u2019une urbanisation avec une densification \u00e0 marche&hellip; <\/p>\n","protected":false},"author":7,"featured_media":2446,"parent":0,"menu_order":0,"comment_status":"closed","ping_status":"closed","template":"","meta":{"_mi_skip_tracking":false},"aioseo_notices":[],"_links":{"self":[{"href":"http:\/\/www.sermaisepatrimoine.fr\/index.php\/wp-json\/wp\/v2\/pages\/598"}],"collection":[{"href":"http:\/\/www.sermaisepatrimoine.fr\/index.php\/wp-json\/wp\/v2\/pages"}],"about":[{"href":"http:\/\/www.sermaisepatrimoine.fr\/index.php\/wp-json\/wp\/v2\/types\/page"}],"author":[{"embeddable":true,"href":"http:\/\/www.sermaisepatrimoine.fr\/index.php\/wp-json\/wp\/v2\/users\/7"}],"replies":[{"embeddable":true,"href":"http:\/\/www.sermaisepatrimoine.fr\/index.php\/wp-json\/wp\/v2\/comments?post=598"}],"version-history":[{"count":15,"href":"http:\/\/www.sermaisepatrimoine.fr\/index.php\/wp-json\/wp\/v2\/pages\/598\/revisions"}],"predecessor-version":[{"id":2445,"href":"http:\/\/www.sermaisepatrimoine.fr\/index.php\/wp-json\/wp\/v2\/pages\/598\/revisions\/2445"}],"wp:featuredmedia":[{"embeddable":true,"href":"http:\/\/www.sermaisepatrimoine.fr\/index.php\/wp-json\/wp\/v2\/media\/2446"}],"wp:attachment":[{"href":"http:\/\/www.sermaisepatrimoine.fr\/index.php\/wp-json\/wp\/v2\/media?parent=598"}],"curies":[{"name":"wp","href":"https:\/\/api.w.org\/{rel}","templated":true}]}}