{"id":596,"date":"2019-12-21T12:18:39","date_gmt":"2019-12-21T11:18:39","guid":{"rendered":"http:\/\/www.sermaisepatrimoine.fr\/?page_id=596"},"modified":"2020-01-12T12:27:06","modified_gmt":"2020-01-12T11:27:06","slug":"notre-patrimoine","status":"publish","type":"page","link":"http:\/\/www.sermaisepatrimoine.fr\/index.php\/notre-patrimoine\/","title":{"rendered":"Notre patrimoine"},"content":{"rendered":"<p>Le service \u00ab\u00a0Patrimoines et Inventaire de la r\u00e9gion \u00cele-de-France\u00a0\u00bb \u00e0 recens\u00e9 en 2011 tous les \u00e9l\u00e9ments marquants patrimoniaux de notre village.<\/p>\n<p>Il en dresse l\u2019inventaire\u00a0:<\/p>\n<ul>\n<li><b>13 b\u00e2timents\u00a0ont \u00e9t\u00e9 qualifi\u00e9s de remarquables <\/b>en raison de leur int\u00e9r\u00eat architectural et morphologique, de la pr\u00e9servation de leurs structure et caract\u00e8res anciens. Parmi ces 13 b\u00e2timents on trouve bien s\u00fbr notre \u00e9glise Sainte-Anne parfois connue sous le vocable de Notre-Dame de la Nativit\u00e9, notre chapelle d\u00e9di\u00e9e \u00e0 Saint-Georges dans le hameau de Blancheface, mais aussi 7 fermes, 2 maisons de notables et 2 moulins.<\/li>\n<\/ul>\n<p><img decoding=\"async\" loading=\"lazy\" class=\"alignnone size-medium wp-image-698\" src=\"http:\/\/www.sermaisepatrimoine.fr\/wp-content\/uploads\/2019\/12\/2008.DSC_0259-300x201.jpg\" alt=\"\" width=\"300\" height=\"201\" srcset=\"http:\/\/www.sermaisepatrimoine.fr\/wp-content\/uploads\/2019\/12\/2008.DSC_0259-300x201.jpg 300w, http:\/\/www.sermaisepatrimoine.fr\/wp-content\/uploads\/2019\/12\/2008.DSC_0259-768x514.jpg 768w, http:\/\/www.sermaisepatrimoine.fr\/wp-content\/uploads\/2019\/12\/2008.DSC_0259-1024x685.jpg 1024w\" sizes=\"(max-width: 300px) 100vw, 300px\" \/>\u00a0\u00a0<img decoding=\"async\" loading=\"lazy\" class=\"alignnone size-medium wp-image-699\" src=\"http:\/\/www.sermaisepatrimoine.fr\/wp-content\/uploads\/2019\/12\/DSC_5823-300x200.jpg\" alt=\"\" width=\"300\" height=\"200\" srcset=\"http:\/\/www.sermaisepatrimoine.fr\/wp-content\/uploads\/2019\/12\/DSC_5823-300x200.jpg 300w, http:\/\/www.sermaisepatrimoine.fr\/wp-content\/uploads\/2019\/12\/DSC_5823-768x513.jpg 768w, http:\/\/www.sermaisepatrimoine.fr\/wp-content\/uploads\/2019\/12\/DSC_5823-1024x684.jpg 1024w\" sizes=\"(max-width: 300px) 100vw, 300px\" \/><\/p>\n<ul>\n<li><strong>Le petit lavoir de Mond\u00e9tour,<\/strong> au bord d\u2019un p\u00e9diluve ma\u00e7onn\u00e9, <strong>a \u00e9t\u00e9 qualifi\u00e9 d\u2019exceptionnel<\/strong> en raison de la pr\u00e9servation de l\u2019ensemble de ses traits d\u2019origine.<\/li>\n<\/ul>\n<p><img decoding=\"async\" loading=\"lazy\" class=\"alignnone size-medium wp-image-705\" src=\"http:\/\/www.sermaisepatrimoine.fr\/wp-content\/uploads\/2019\/12\/2008.DSC_0238-300x201.jpg\" alt=\"\" width=\"300\" height=\"201\" srcset=\"http:\/\/www.sermaisepatrimoine.fr\/wp-content\/uploads\/2019\/12\/2008.DSC_0238-300x201.jpg 300w, http:\/\/www.sermaisepatrimoine.fr\/wp-content\/uploads\/2019\/12\/2008.DSC_0238-768x514.jpg 768w, http:\/\/www.sermaisepatrimoine.fr\/wp-content\/uploads\/2019\/12\/2008.DSC_0238-1024x685.jpg 1024w\" sizes=\"(max-width: 300px) 100vw, 300px\" \/><\/p>\n<p>Un autre caract\u00e8re tr\u00e8s sp\u00e9cifique \u00e0 la commune de Sermaise est mis en avant dans cet inventaire, il s\u2019agit des mares qui ponctuent le territoire. Aujourd\u2019hui, elles sont parfois ass\u00e9ch\u00e9es, parfois combl\u00e9es, mais la plupart sont encore en place. Toutes accueillent sur leurs rives une v\u00e9g\u00e9tation sp\u00e9cifique.<\/p>\n<p><img decoding=\"async\" loading=\"lazy\" class=\"alignnone size-medium wp-image-702\" src=\"http:\/\/www.sermaisepatrimoine.fr\/wp-content\/uploads\/2019\/12\/2008.DSC_0236-300x201.jpg\" alt=\"\" width=\"300\" height=\"201\" srcset=\"http:\/\/www.sermaisepatrimoine.fr\/wp-content\/uploads\/2019\/12\/2008.DSC_0236-300x201.jpg 300w, http:\/\/www.sermaisepatrimoine.fr\/wp-content\/uploads\/2019\/12\/2008.DSC_0236-768x514.jpg 768w, http:\/\/www.sermaisepatrimoine.fr\/wp-content\/uploads\/2019\/12\/2008.DSC_0236-1024x685.jpg 1024w\" sizes=\"(max-width: 300px) 100vw, 300px\" \/>\u00a0\u00a0<img decoding=\"async\" loading=\"lazy\" class=\"alignnone size-medium wp-image-703\" src=\"http:\/\/www.sermaisepatrimoine.fr\/wp-content\/uploads\/2019\/12\/2008.DSC_0246-300x201.jpg\" alt=\"\" width=\"300\" height=\"201\" srcset=\"http:\/\/www.sermaisepatrimoine.fr\/wp-content\/uploads\/2019\/12\/2008.DSC_0246-300x201.jpg 300w, http:\/\/www.sermaisepatrimoine.fr\/wp-content\/uploads\/2019\/12\/2008.DSC_0246-768x514.jpg 768w, http:\/\/www.sermaisepatrimoine.fr\/wp-content\/uploads\/2019\/12\/2008.DSC_0246-1024x685.jpg 1024w\" sizes=\"(max-width: 300px) 100vw, 300px\" \/><\/p>\n<p>Au-del\u00e0 de ce recensement, on peut ajouter de\u00a0nombreux calvaires et croix, des lieux de d\u00e9votions, traduction des croyances religieuses de nos a\u00efeux. Les rogations, destin\u00e9es \u00e0 attirer les b\u00e9n\u00e9dictions divines sur les r\u00e9coltes et les travaux des champs, passaient par ces calvaires et ces croix.<\/p>\n<p><img decoding=\"async\" loading=\"lazy\" class=\"alignnone size-medium wp-image-697\" src=\"http:\/\/www.sermaisepatrimoine.fr\/wp-content\/uploads\/2019\/12\/2008.DSC_0231-300x201.jpg\" alt=\"\" width=\"300\" height=\"201\" srcset=\"http:\/\/www.sermaisepatrimoine.fr\/wp-content\/uploads\/2019\/12\/2008.DSC_0231-300x201.jpg 300w, http:\/\/www.sermaisepatrimoine.fr\/wp-content\/uploads\/2019\/12\/2008.DSC_0231-768x514.jpg 768w, http:\/\/www.sermaisepatrimoine.fr\/wp-content\/uploads\/2019\/12\/2008.DSC_0231-1024x685.jpg 1024w\" sizes=\"(max-width: 300px) 100vw, 300px\" \/><\/p>\n<p><a href=\"http:\/\/www.sermaisepatrimoine.fr\/wp-content\/uploads\/2019\/12\/Diagnostic-patrimonial-de-Sermaise-r\u00e9alis\u00e9-par-le-conseil-r\u00e9gional-dIle-de-France.pdf\">Diagnostic patrimonial de Sermaise r\u00e9alis\u00e9 par le conseil r\u00e9gional d&rsquo;Ile de France<\/a><\/p>\n","protected":false},"excerpt":{"rendered":"<p>Le service \u00ab\u00a0Patrimoines et Inventaire de la r\u00e9gion \u00cele-de-France\u00a0\u00bb \u00e0 recens\u00e9 en 2011 tous les \u00e9l\u00e9ments marquants patrimoniaux de notre village. Il en dresse l\u2019inventaire\u00a0: 13 b\u00e2timents\u00a0ont \u00e9t\u00e9 qualifi\u00e9s de remarquables en raison de leur int\u00e9r\u00eat architectural et morphologique, de&hellip; <\/p>\n","protected":false},"author":7,"featured_media":823,"parent":0,"menu_order":0,"comment_status":"closed","ping_status":"closed","template":"","meta":{"_mi_skip_tracking":false},"aioseo_notices":[],"_links":{"self":[{"href":"http:\/\/www.sermaisepatrimoine.fr\/index.php\/wp-json\/wp\/v2\/pages\/596"}],"collection":[{"href":"http:\/\/www.sermaisepatrimoine.fr\/index.php\/wp-json\/wp\/v2\/pages"}],"about":[{"href":"http:\/\/www.sermaisepatrimoine.fr\/index.php\/wp-json\/wp\/v2\/types\/page"}],"author":[{"embeddable":true,"href":"http:\/\/www.sermaisepatrimoine.fr\/index.php\/wp-json\/wp\/v2\/users\/7"}],"replies":[{"embeddable":true,"href":"http:\/\/www.sermaisepatrimoine.fr\/index.php\/wp-json\/wp\/v2\/comments?post=596"}],"version-history":[{"count":5,"href":"http:\/\/www.sermaisepatrimoine.fr\/index.php\/wp-json\/wp\/v2\/pages\/596\/revisions"}],"predecessor-version":[{"id":706,"href":"http:\/\/www.sermaisepatrimoine.fr\/index.php\/wp-json\/wp\/v2\/pages\/596\/revisions\/706"}],"wp:featuredmedia":[{"embeddable":true,"href":"http:\/\/www.sermaisepatrimoine.fr\/index.php\/wp-json\/wp\/v2\/media\/823"}],"wp:attachment":[{"href":"http:\/\/www.sermaisepatrimoine.fr\/index.php\/wp-json\/wp\/v2\/media?parent=596"}],"curies":[{"name":"wp","href":"https:\/\/api.w.org\/{rel}","templated":true}]}}