{"id":590,"date":"2019-12-21T12:02:17","date_gmt":"2019-12-21T11:02:17","guid":{"rendered":"http:\/\/www.sermaisepatrimoine.fr\/?page_id=590"},"modified":"2020-01-11T15:54:39","modified_gmt":"2020-01-11T14:54:39","slug":"notre-chapelle","status":"publish","type":"page","link":"http:\/\/www.sermaisepatrimoine.fr\/index.php\/notre-chapelle\/","title":{"rendered":"Notre chapelle"},"content":{"rendered":"<p><strong>Description par Jean Jacques Immel:<\/strong><\/p>\n<p>La chapelle Saint-Georges de Blancheface, est sobre et belle. Ses dimensions sont parfaitement \u00e9quilibr\u00e9es. Elle est \u00e9clair\u00e9e par deux fen\u00eatres en plein cintre qui percent ses murs gouttereaux (des murs surmont\u00e9s de goutti\u00e8res incorpor\u00e9es.).<\/p>\n<p><img decoding=\"async\" loading=\"lazy\" class=\"alignnone size-medium wp-image-781\" src=\"http:\/\/www.sermaisepatrimoine.fr\/wp-content\/uploads\/2019\/12\/2019.DSC_5821-300x200.jpg\" alt=\"\" width=\"300\" height=\"200\" srcset=\"http:\/\/www.sermaisepatrimoine.fr\/wp-content\/uploads\/2019\/12\/2019.DSC_5821-300x200.jpg 300w, http:\/\/www.sermaisepatrimoine.fr\/wp-content\/uploads\/2019\/12\/2019.DSC_5821-768x513.jpg 768w, http:\/\/www.sermaisepatrimoine.fr\/wp-content\/uploads\/2019\/12\/2019.DSC_5821-1024x684.jpg 1024w\" sizes=\"(max-width: 300px) 100vw, 300px\" \/>\u00a0\u00a0<img decoding=\"async\" loading=\"lazy\" class=\"alignnone size-medium wp-image-782\" src=\"http:\/\/www.sermaisepatrimoine.fr\/wp-content\/uploads\/2019\/12\/2019.DSC_5823-300x200.jpg\" alt=\"\" width=\"300\" height=\"200\" srcset=\"http:\/\/www.sermaisepatrimoine.fr\/wp-content\/uploads\/2019\/12\/2019.DSC_5823-300x200.jpg 300w, http:\/\/www.sermaisepatrimoine.fr\/wp-content\/uploads\/2019\/12\/2019.DSC_5823-768x513.jpg 768w, http:\/\/www.sermaisepatrimoine.fr\/wp-content\/uploads\/2019\/12\/2019.DSC_5823-1024x684.jpg 1024w\" sizes=\"(max-width: 300px) 100vw, 300px\" \/><\/p>\n<p>On y rentre par un portail situ\u00e9 sur le pignon ouest. La charpente, constitu\u00e9e de petites fermes espac\u00e9es de soixante centim\u00e8tres t\u00e9moigne de l&rsquo;imagination et du savoir-faire des charpentiers de l&rsquo;\u00e9poque.<\/p>\n<p><img decoding=\"async\" loading=\"lazy\" class=\"alignnone size-medium wp-image-783\" src=\"http:\/\/www.sermaisepatrimoine.fr\/wp-content\/uploads\/2019\/12\/2019.DSC_6273-300x200.jpg\" alt=\"\" width=\"300\" height=\"200\" srcset=\"http:\/\/www.sermaisepatrimoine.fr\/wp-content\/uploads\/2019\/12\/2019.DSC_6273-300x200.jpg 300w, http:\/\/www.sermaisepatrimoine.fr\/wp-content\/uploads\/2019\/12\/2019.DSC_6273-768x513.jpg 768w, http:\/\/www.sermaisepatrimoine.fr\/wp-content\/uploads\/2019\/12\/2019.DSC_6273-1024x684.jpg 1024w\" sizes=\"(max-width: 300px) 100vw, 300px\" \/>\u00a0\u00a0<img decoding=\"async\" loading=\"lazy\" class=\"alignnone size-medium wp-image-778\" src=\"http:\/\/www.sermaisepatrimoine.fr\/wp-content\/uploads\/2019\/12\/2019.DSC_6271-300x200.jpg\" alt=\"\" width=\"300\" height=\"200\" srcset=\"http:\/\/www.sermaisepatrimoine.fr\/wp-content\/uploads\/2019\/12\/2019.DSC_6271-300x200.jpg 300w, http:\/\/www.sermaisepatrimoine.fr\/wp-content\/uploads\/2019\/12\/2019.DSC_6271-768x512.jpg 768w, http:\/\/www.sermaisepatrimoine.fr\/wp-content\/uploads\/2019\/12\/2019.DSC_6271-1024x683.jpg 1024w\" sizes=\"(max-width: 300px) 100vw, 300px\" \/><\/p>\n<p>Les peintures murales ont \u00e9t\u00e9 r\u00e9alis\u00e9es par Robert Lanz en 1946 et repr\u00e9sentent Saint-Georges arm\u00e9 de son \u00e9p\u00e9e par deux anges, Saint-Georges terrassant le dragon, le martyr de Saint-Georges.<\/p>\n<p><img decoding=\"async\" loading=\"lazy\" class=\"alignnone size-medium wp-image-785\" src=\"http:\/\/www.sermaisepatrimoine.fr\/wp-content\/uploads\/2019\/12\/2019.DSC_6283-200x300.jpg\" alt=\"\" width=\"200\" height=\"300\" srcset=\"http:\/\/www.sermaisepatrimoine.fr\/wp-content\/uploads\/2019\/12\/2019.DSC_6283-200x300.jpg 200w, http:\/\/www.sermaisepatrimoine.fr\/wp-content\/uploads\/2019\/12\/2019.DSC_6283-768x1150.jpg 768w, http:\/\/www.sermaisepatrimoine.fr\/wp-content\/uploads\/2019\/12\/2019.DSC_6283-684x1024.jpg 684w\" sizes=\"(max-width: 200px) 100vw, 200px\" \/>\u00a0 \u00a0 \u00a0 \u00a0 \u00a0 \u00a0 \u00a0 \u00a0 \u00a0 \u00a0 \u00a0 \u00a0 \u00a0\u00a0\u00a0\u00a0<img decoding=\"async\" loading=\"lazy\" class=\"alignnone size-medium wp-image-784\" src=\"http:\/\/www.sermaisepatrimoine.fr\/wp-content\/uploads\/2019\/12\/2019.DSC_6268-300x200.jpg\" alt=\"\" width=\"300\" height=\"200\" srcset=\"http:\/\/www.sermaisepatrimoine.fr\/wp-content\/uploads\/2019\/12\/2019.DSC_6268-300x200.jpg 300w, http:\/\/www.sermaisepatrimoine.fr\/wp-content\/uploads\/2019\/12\/2019.DSC_6268-768x513.jpg 768w, http:\/\/www.sermaisepatrimoine.fr\/wp-content\/uploads\/2019\/12\/2019.DSC_6268-1024x684.jpg 1024w\" sizes=\"(max-width: 300px) 100vw, 300px\" \/><\/p>\n<p><img decoding=\"async\" loading=\"lazy\" class=\"alignnone size-medium wp-image-779\" src=\"http:\/\/www.sermaisepatrimoine.fr\/wp-content\/uploads\/2019\/12\/2019.DSC_6275-300x200.jpg\" alt=\"\" width=\"300\" height=\"200\" srcset=\"http:\/\/www.sermaisepatrimoine.fr\/wp-content\/uploads\/2019\/12\/2019.DSC_6275-300x200.jpg 300w, http:\/\/www.sermaisepatrimoine.fr\/wp-content\/uploads\/2019\/12\/2019.DSC_6275-768x513.jpg 768w, http:\/\/www.sermaisepatrimoine.fr\/wp-content\/uploads\/2019\/12\/2019.DSC_6275-1024x684.jpg 1024w\" sizes=\"(max-width: 300px) 100vw, 300px\" \/>\u00a0\u00a0<img decoding=\"async\" loading=\"lazy\" class=\"alignnone size-medium wp-image-780\" src=\"http:\/\/www.sermaisepatrimoine.fr\/wp-content\/uploads\/2019\/12\/2019.DSC_6262-300x200.jpg\" alt=\"\" width=\"300\" height=\"200\" srcset=\"http:\/\/www.sermaisepatrimoine.fr\/wp-content\/uploads\/2019\/12\/2019.DSC_6262-300x200.jpg 300w, http:\/\/www.sermaisepatrimoine.fr\/wp-content\/uploads\/2019\/12\/2019.DSC_6262-768x512.jpg 768w, http:\/\/www.sermaisepatrimoine.fr\/wp-content\/uploads\/2019\/12\/2019.DSC_6262-1024x683.jpg 1024w\" sizes=\"(max-width: 300px) 100vw, 300px\" \/><\/p>\n<p>La chapelle a \u00e9t\u00e9 consacr\u00e9e le 18 f\u00e9vrier 1329. Elle appartient \u00e0 la famille des Crosne jusqu&rsquo;au d\u00e9but du 17\u00e8me si\u00e8cle, puis \u00e0 M de Lamoignon et \u00e0 l&rsquo;H\u00f4tel Dieu de Paris en 1662.Elle est d\u00e9tenue\u00a0 par plusieurs propri\u00e9taires jusqu&rsquo;en 1946 pour \u00eatre rendue au culte ensuite. Aujourd&rsquo;hui la commune de Sermaise en a la jouissance et en assure l&rsquo;entretien.<\/p>\n<p><em>Description relev\u00e9e sur le site de Sermaise Environnement.<\/em><\/p>\n<p>&nbsp;<\/p>\n","protected":false},"excerpt":{"rendered":"<p>Description par Jean Jacques Immel: La chapelle Saint-Georges de Blancheface, est sobre et belle. Ses dimensions sont parfaitement \u00e9quilibr\u00e9es. Elle est \u00e9clair\u00e9e par deux fen\u00eatres en plein cintre qui percent ses murs gouttereaux (des murs surmont\u00e9s de goutti\u00e8res incorpor\u00e9es.). \u00a0\u00a0&hellip; <\/p>\n","protected":false},"author":7,"featured_media":604,"parent":0,"menu_order":0,"comment_status":"closed","ping_status":"closed","template":"","meta":{"_mi_skip_tracking":false},"aioseo_notices":[],"_links":{"self":[{"href":"http:\/\/www.sermaisepatrimoine.fr\/index.php\/wp-json\/wp\/v2\/pages\/590"}],"collection":[{"href":"http:\/\/www.sermaisepatrimoine.fr\/index.php\/wp-json\/wp\/v2\/pages"}],"about":[{"href":"http:\/\/www.sermaisepatrimoine.fr\/index.php\/wp-json\/wp\/v2\/types\/page"}],"author":[{"embeddable":true,"href":"http:\/\/www.sermaisepatrimoine.fr\/index.php\/wp-json\/wp\/v2\/users\/7"}],"replies":[{"embeddable":true,"href":"http:\/\/www.sermaisepatrimoine.fr\/index.php\/wp-json\/wp\/v2\/comments?post=590"}],"version-history":[{"count":6,"href":"http:\/\/www.sermaisepatrimoine.fr\/index.php\/wp-json\/wp\/v2\/pages\/590\/revisions"}],"predecessor-version":[{"id":659,"href":"http:\/\/www.sermaisepatrimoine.fr\/index.php\/wp-json\/wp\/v2\/pages\/590\/revisions\/659"}],"wp:featuredmedia":[{"embeddable":true,"href":"http:\/\/www.sermaisepatrimoine.fr\/index.php\/wp-json\/wp\/v2\/media\/604"}],"wp:attachment":[{"href":"http:\/\/www.sermaisepatrimoine.fr\/index.php\/wp-json\/wp\/v2\/media?parent=590"}],"curies":[{"name":"wp","href":"https:\/\/api.w.org\/{rel}","templated":true}]}}