{"id":26,"date":"2016-08-28T21:21:03","date_gmt":"2016-08-28T20:21:03","guid":{"rendered":"http:\/\/www.sermaisepatrimoine.fr\/?page_id=26"},"modified":"2026-04-11T17:47:58","modified_gmt":"2026-04-11T16:47:58","slug":"comment-faire-un-don","status":"publish","type":"page","link":"http:\/\/www.sermaisepatrimoine.fr\/index.php\/comment-faire-un-don\/","title":{"rendered":"Pour faire un don, adh\u00e9rer"},"content":{"rendered":"<h3>Vous \u00eates un particulier :<\/h3>\n<p style=\"padding-left: 30px;\">Vous envoyez votre ch\u00e8que \u00e0 l&rsquo;adresse suivante :<\/p>\n<p style=\"padding-left: 60px;\">\u00ab\u00a0Sauvons le patrimoine de Sermaise\u00a0\u00bb<br>Mairie &#8211; 280 rue Paul Blot<br>91530 Sermaise<\/p>\n<p style=\"padding-left: 30px;\">Nous enverrons alors un re\u00e7u&nbsp;fiscal \u00e0 l&rsquo;adresse indiqu\u00e9e sur le ch\u00e8que, qui vous permettra de d\u00e9duire 60% du montant des dons de vos imp\u00f4ts.<\/p>\n<h3>Vous \u00eates une entreprise :<\/h3>\n<p style=\"padding-left: 30px;\">Vous pouvez faire un don \u00e0 l&rsquo;association (m\u00eame proc\u00e9dure qu&rsquo;en tant que particulier), vous pourrez inclure&nbsp;ce don dans vos charges.<\/p>\n<p style=\"padding-left: 30px;\">Vous pouvez \u00e9galement&nbsp;r\u00e9aliser un chantier sur l&rsquo;Eglise, au&nbsp;titre du m\u00e9c\u00e9nat de comp\u00e9tences.&nbsp;Vous pourrez inclure&nbsp;le montant des travaux r\u00e9alis\u00e9s dans vos charges.<\/p>\n<h3>Pour adh\u00e9rer, renouveller votre adh\u00e9sion:<\/h3>\n<p><a href=\"http:\/\/www.sermaisepatrimoine.fr\/index.php\/contact-form\/\">contactez-nous<\/a><span id=\"transmark\"><\/span> pour toute demande (adh\u00e9sion, renouvellement d&rsquo;adh\u00e9sion, don, action b\u00e9n\u00e9vole&#8230;)<\/p>\n\n\n<div class=\"wp-block-file\"><a id=\"wp-block-file--media-3c721ba4-8dab-43ba-b2e1-1addf1bbe980\" href=\"http:\/\/www.sermaisepatrimoine.fr\/wp-content\/uploads\/2026\/04\/Bulletin-dadhesion-don-2026-Sauvons-le-patrimoine-de-Sermaise-A5.odt\">Bulletin-dadhesion-don-2026-Sauvons-le-patrimoine-de-Sermaise-A5<\/a><a href=\"http:\/\/www.sermaisepatrimoine.fr\/wp-content\/uploads\/2026\/04\/Bulletin-dadhesion-don-2026-Sauvons-le-patrimoine-de-Sermaise-A5.odt\" class=\"wp-block-file__button wp-element-button\" download aria-describedby=\"wp-block-file--media-3c721ba4-8dab-43ba-b2e1-1addf1bbe980\">T\u00e9l\u00e9charger<\/a><\/div>\n\n\n\n<div class=\"wp-block-file\"><a id=\"wp-block-file--media-a71ed943-3b72-4e83-8778-5a9c046e7164\" href=\"http:\/\/www.sermaisepatrimoine.fr\/wp-content\/uploads\/2026\/04\/Reglement-interieur.pdf\">Reglement-interieur<\/a><a href=\"http:\/\/www.sermaisepatrimoine.fr\/wp-content\/uploads\/2026\/04\/Reglement-interieur.pdf\" class=\"wp-block-file__button wp-element-button\" download aria-describedby=\"wp-block-file--media-a71ed943-3b72-4e83-8778-5a9c046e7164\">T\u00e9l\u00e9charger<\/a><\/div>\n","protected":false},"excerpt":{"rendered":"<p>Vous \u00eates un particulier : Vous envoyez votre ch\u00e8que \u00e0 l&rsquo;adresse suivante : \u00ab\u00a0Sauvons le patrimoine de Sermaise\u00a0\u00bbMairie &#8211; 280 rue Paul Blot91530 Sermaise Nous enverrons alors un re\u00e7u&nbsp;fiscal \u00e0 l&rsquo;adresse indiqu\u00e9e sur le ch\u00e8que, qui vous permettra de d\u00e9duire&hellip; <\/p>\n","protected":false},"author":3,"featured_media":388,"parent":0,"menu_order":10,"comment_status":"closed","ping_status":"closed","template":"","meta":{"_mi_skip_tracking":false},"aioseo_notices":[],"_links":{"self":[{"href":"http:\/\/www.sermaisepatrimoine.fr\/index.php\/wp-json\/wp\/v2\/pages\/26"}],"collection":[{"href":"http:\/\/www.sermaisepatrimoine.fr\/index.php\/wp-json\/wp\/v2\/pages"}],"about":[{"href":"http:\/\/www.sermaisepatrimoine.fr\/index.php\/wp-json\/wp\/v2\/types\/page"}],"author":[{"embeddable":true,"href":"http:\/\/www.sermaisepatrimoine.fr\/index.php\/wp-json\/wp\/v2\/users\/3"}],"replies":[{"embeddable":true,"href":"http:\/\/www.sermaisepatrimoine.fr\/index.php\/wp-json\/wp\/v2\/comments?post=26"}],"version-history":[{"count":17,"href":"http:\/\/www.sermaisepatrimoine.fr\/index.php\/wp-json\/wp\/v2\/pages\/26\/revisions"}],"predecessor-version":[{"id":4095,"href":"http:\/\/www.sermaisepatrimoine.fr\/index.php\/wp-json\/wp\/v2\/pages\/26\/revisions\/4095"}],"wp:featuredmedia":[{"embeddable":true,"href":"http:\/\/www.sermaisepatrimoine.fr\/index.php\/wp-json\/wp\/v2\/media\/388"}],"wp:attachment":[{"href":"http:\/\/www.sermaisepatrimoine.fr\/index.php\/wp-json\/wp\/v2\/media?parent=26"}],"curies":[{"name":"wp","href":"https:\/\/api.w.org\/{rel}","templated":true}]}}